{"id":656,"date":"2017-07-30T07:05:30","date_gmt":"2017-07-30T07:05:30","guid":{"rendered":"http:\/\/timipretty.com\/?page_id=656\/"},"modified":"2023-07-12T16:55:18","modified_gmt":"2023-07-12T09:55:18","slug":"dieu-khac-long-may-nam","status":"publish","type":"page","link":"https:\/\/www.timipretty.com\/vi\/dieu-khac-long-may-nam\/","title":{"rendered":"\u0110i\u00eau Kh\u1eafc L\u00f4ng M\u00e0y Nam"},"content":{"rendered":"","protected":false},"excerpt":{"rendered":"","protected":false},"author":2,"featured_media":0,"parent":0,"menu_order":0,"comment_status":"closed","ping_status":"closed","template":"","meta":[],"yoast_head":"<!-- This site is optimized with the Yoast SEO plugin v20.11 - https:\/\/yoast.com\/wordpress\/plugins\/seo\/ -->\n<title>\u0110i\u00eau Kh\u1eafc L\u00f4ng M\u00e0y Nam- Timi - Vi\u1ec7n ch\u0103m s\u00f3c l\u00f4ng m\u00e0y<\/title>\n<meta name=\"description\" content=\"\u0110i\u00eau kh\u1eafc l\u00f4ng m\u00e0y nam gi\u00fap b\u1ea1n s\u1edf h\u1eedu m\u1ed9t di\u1ec7n m\u1ea1o m\u1edbi m\u1ea1nh m\u1ebb h\u01a1n, t\u1ef1 tin v\u00e0 thu h\u00fat h\u01a1n trong giao ti\u1ebfp c\u0169ng nh\u01b0 trong cu\u1ed9c s\u1ed1ng.\" \/>\n<meta name=\"robots\" content=\"index, follow, max-snippet:-1, max-image-preview:large, max-video-preview:-1\" \/>\n<link rel=\"canonical\" href=\"https:\/\/www.timipretty.com\/vi\/dieu-khac-long-may-nam\/\" \/>\n<meta property=\"og:locale\" content=\"vi_VN\" \/>\n<meta property=\"og:type\" content=\"article\" \/>\n<meta property=\"og:title\" content=\"\u0110i\u00eau Kh\u1eafc L\u00f4ng M\u00e0y Nam- Timi - Vi\u1ec7n ch\u0103m s\u00f3c l\u00f4ng m\u00e0y\" \/>\n<meta property=\"og:description\" content=\"\u0110i\u00eau kh\u1eafc l\u00f4ng m\u00e0y nam gi\u00fap b\u1ea1n s\u1edf h\u1eedu m\u1ed9t di\u1ec7n m\u1ea1o m\u1edbi m\u1ea1nh m\u1ebb h\u01a1n, t\u1ef1 tin v\u00e0 thu h\u00fat h\u01a1n trong giao ti\u1ebfp c\u0169ng nh\u01b0 trong cu\u1ed9c s\u1ed1ng.\" \/>\n<meta property=\"og:url\" content=\"https:\/\/www.timipretty.com\/vi\/dieu-khac-long-may-nam\/\" \/>\n<meta property=\"og:site_name\" content=\"TimiPretty - Eyebrow Microblading Clinic\" \/>\n<meta property=\"article:modified_time\" content=\"2023-07-12T09:55:18+00:00\" \/>\n<meta name=\"twitter:card\" content=\"summary_large_image\" \/>\n<script type=\"application\/ld+json\" class=\"yoast-schema-graph\">{\"@context\":\"https:\/\/schema.org\",\"@graph\":[{\"@type\":\"WebPage\",\"@id\":\"https:\/\/www.timipretty.com\/vi\/dieu-khac-long-may-nam\/\",\"url\":\"https:\/\/www.timipretty.com\/vi\/dieu-khac-long-may-nam\/\",\"name\":\"\u0110i\u00eau Kh\u1eafc L\u00f4ng M\u00e0y Nam- Timi - Vi\u1ec7n ch\u0103m s\u00f3c l\u00f4ng m\u00e0y\",\"isPartOf\":{\"@id\":\"https:\/\/www.timipretty.com\/#website\"},\"datePublished\":\"2017-07-30T07:05:30+00:00\",\"dateModified\":\"2023-07-12T09:55:18+00:00\",\"description\":\"\u0110i\u00eau kh\u1eafc l\u00f4ng m\u00e0y nam gi\u00fap b\u1ea1n s\u1edf h\u1eedu m\u1ed9t di\u1ec7n m\u1ea1o m\u1edbi m\u1ea1nh m\u1ebb h\u01a1n, t\u1ef1 tin v\u00e0 thu h\u00fat h\u01a1n trong giao ti\u1ebfp c\u0169ng nh\u01b0 trong cu\u1ed9c s\u1ed1ng.\",\"breadcrumb\":{\"@id\":\"https:\/\/www.timipretty.com\/vi\/dieu-khac-long-may-nam\/#breadcrumb\"},\"inLanguage\":\"vi-VN\",\"potentialAction\":[{\"@type\":\"ReadAction\",\"target\":[\"https:\/\/www.timipretty.com\/vi\/dieu-khac-long-may-nam\/\"]}]},{\"@type\":\"BreadcrumbList\",\"@id\":\"https:\/\/www.timipretty.com\/vi\/dieu-khac-long-may-nam\/#breadcrumb\",\"itemListElement\":[{\"@type\":\"ListItem\",\"position\":1,\"name\":\"Home\",\"item\":\"https:\/\/www.timipretty.com\/vi\/\"},{\"@type\":\"ListItem\",\"position\":2,\"name\":\"\u0110i\u00eau Kh\u1eafc L\u00f4ng M\u00e0y Nam\"}]},{\"@type\":\"WebSite\",\"@id\":\"https:\/\/www.timipretty.com\/#website\",\"url\":\"https:\/\/www.timipretty.com\/\",\"name\":\"TimiPretty - Eyebrow Microblading Clinic\",\"description\":\"Pretty Eyebrows by Chau\",\"potentialAction\":[{\"@type\":\"SearchAction\",\"target\":{\"@type\":\"EntryPoint\",\"urlTemplate\":\"https:\/\/www.timipretty.com\/?s={search_term_string}\"},\"query-input\":\"required name=search_term_string\"}],\"inLanguage\":\"vi-VN\"}]}<\/script>\n<!-- \/ Yoast SEO plugin. -->","yoast_head_json":{"title":"\u0110i\u00eau Kh\u1eafc L\u00f4ng M\u00e0y Nam- Timi - Vi\u1ec7n ch\u0103m s\u00f3c l\u00f4ng m\u00e0y","description":"\u0110i\u00eau kh\u1eafc l\u00f4ng m\u00e0y nam gi\u00fap b\u1ea1n s\u1edf h\u1eedu m\u1ed9t di\u1ec7n m\u1ea1o m\u1edbi m\u1ea1nh m\u1ebb h\u01a1n, t\u1ef1 tin v\u00e0 thu h\u00fat h\u01a1n trong giao ti\u1ebfp c\u0169ng nh\u01b0 trong cu\u1ed9c s\u1ed1ng.","robots":{"index":"index","follow":"follow","max-snippet":"max-snippet:-1","max-image-preview":"max-image-preview:large","max-video-preview":"max-video-preview:-1"},"canonical":"https:\/\/www.timipretty.com\/vi\/dieu-khac-long-may-nam\/","og_locale":"vi_VN","og_type":"article","og_title":"\u0110i\u00eau Kh\u1eafc L\u00f4ng M\u00e0y Nam- Timi - Vi\u1ec7n ch\u0103m s\u00f3c l\u00f4ng m\u00e0y","og_description":"\u0110i\u00eau kh\u1eafc l\u00f4ng m\u00e0y nam gi\u00fap b\u1ea1n s\u1edf h\u1eedu m\u1ed9t di\u1ec7n m\u1ea1o m\u1edbi m\u1ea1nh m\u1ebb h\u01a1n, t\u1ef1 tin v\u00e0 thu h\u00fat h\u01a1n trong giao ti\u1ebfp c\u0169ng nh\u01b0 trong cu\u1ed9c s\u1ed1ng.","og_url":"https:\/\/www.timipretty.com\/vi\/dieu-khac-long-may-nam\/","og_site_name":"TimiPretty - Eyebrow Microblading Clinic","article_modified_time":"2023-07-12T09:55:18+00:00","twitter_card":"summary_large_image","schema":{"@context":"https:\/\/schema.org","@graph":[{"@type":"WebPage","@id":"https:\/\/www.timipretty.com\/vi\/dieu-khac-long-may-nam\/","url":"https:\/\/www.timipretty.com\/vi\/dieu-khac-long-may-nam\/","name":"\u0110i\u00eau Kh\u1eafc L\u00f4ng M\u00e0y Nam- Timi - Vi\u1ec7n ch\u0103m s\u00f3c l\u00f4ng m\u00e0y","isPartOf":{"@id":"https:\/\/www.timipretty.com\/#website"},"datePublished":"2017-07-30T07:05:30+00:00","dateModified":"2023-07-12T09:55:18+00:00","description":"\u0110i\u00eau kh\u1eafc l\u00f4ng m\u00e0y nam gi\u00fap b\u1ea1n s\u1edf h\u1eedu m\u1ed9t di\u1ec7n m\u1ea1o m\u1edbi m\u1ea1nh m\u1ebb h\u01a1n, t\u1ef1 tin v\u00e0 thu h\u00fat h\u01a1n trong giao ti\u1ebfp c\u0169ng nh\u01b0 trong cu\u1ed9c s\u1ed1ng.","breadcrumb":{"@id":"https:\/\/www.timipretty.com\/vi\/dieu-khac-long-may-nam\/#breadcrumb"},"inLanguage":"vi-VN","potentialAction":[{"@type":"ReadAction","target":["https:\/\/www.timipretty.com\/vi\/dieu-khac-long-may-nam\/"]}]},{"@type":"BreadcrumbList","@id":"https:\/\/www.timipretty.com\/vi\/dieu-khac-long-may-nam\/#breadcrumb","itemListElement":[{"@type":"ListItem","position":1,"name":"Home","item":"https:\/\/www.timipretty.com\/vi\/"},{"@type":"ListItem","position":2,"name":"\u0110i\u00eau Kh\u1eafc L\u00f4ng M\u00e0y Nam"}]},{"@type":"WebSite","@id":"https:\/\/www.timipretty.com\/#website","url":"https:\/\/www.timipretty.com\/","name":"TimiPretty - Eyebrow Microblading Clinic","description":"Pretty Eyebrows by Chau","potentialAction":[{"@type":"SearchAction","target":{"@type":"EntryPoint","urlTemplate":"https:\/\/www.timipretty.com\/?s={search_term_string}"},"query-input":"required name=search_term_string"}],"inLanguage":"vi-VN"}]}},"_links":{"self":[{"href":"https:\/\/www.timipretty.com\/vi\/wp-json\/wp\/v2\/pages\/656"}],"collection":[{"href":"https:\/\/www.timipretty.com\/vi\/wp-json\/wp\/v2\/pages"}],"about":[{"href":"https:\/\/www.timipretty.com\/vi\/wp-json\/wp\/v2\/types\/page"}],"author":[{"embeddable":true,"href":"https:\/\/www.timipretty.com\/vi\/wp-json\/wp\/v2\/users\/2"}],"replies":[{"embeddable":true,"href":"https:\/\/www.timipretty.com\/vi\/wp-json\/wp\/v2\/comments?post=656"}],"version-history":[{"count":4,"href":"https:\/\/www.timipretty.com\/vi\/wp-json\/wp\/v2\/pages\/656\/revisions"}],"predecessor-version":[{"id":2063,"href":"https:\/\/www.timipretty.com\/vi\/wp-json\/wp\/v2\/pages\/656\/revisions\/2063"}],"wp:attachment":[{"href":"https:\/\/www.timipretty.com\/vi\/wp-json\/wp\/v2\/media?parent=656"}],"curies":[{"name":"wp","href":"https:\/\/api.w.org\/{rel}","templated":true}]}}