{"id":675,"date":"2017-07-30T07:30:38","date_gmt":"2017-07-30T07:30:38","guid":{"rendered":"http:\/\/timipretty.com\/?page_id=675\/"},"modified":"2017-09-20T18:01:13","modified_gmt":"2017-09-20T11:01:13","slug":"phibrows-la-ai","status":"publish","type":"page","link":"https:\/\/www.timipretty.com\/vi\/phibrows-la-ai\/","title":{"rendered":"Phibrows l\u00e0 g\u00ec ?"},"content":{"rendered":"","protected":false},"excerpt":{"rendered":"","protected":false},"author":2,"featured_media":0,"parent":0,"menu_order":0,"comment_status":"closed","ping_status":"closed","template":"","meta":[],"yoast_head":"<!-- This site is optimized with the Yoast SEO plugin v20.11 - https:\/\/yoast.com\/wordpress\/plugins\/seo\/ -->\n<title>Phibrows l\u00e0 g\u00ec - Timi Pretty Eyebrows - \u0110i\u00eau Kh\u1eafc L\u00f4ng M\u00e0y<\/title>\n<meta name=\"description\" content=\"Phibrows l\u00e0 vi\u1ec7n \u0111\u00e0o t\u1ea1o c\u00f4ng ngh\u1ec7 \u0111i\u00eau kh\u1eafc n\u1ed5i ti\u1ebfng t\u1eeb Ch\u00e2u \u00c2u. Vi\u1ec7n \u0111\u00e0o t\u1ea1o chuy\u00ean nghi\u1ec7p mang l\u1ea1i d\u00e1ng l\u00f4ng m\u00e0y ho\u00e0n h\u1ea3o c\u1ee7a Phibrows Artist t\u1ea1i Timi.\" \/>\n<meta name=\"robots\" content=\"index, follow, max-snippet:-1, max-image-preview:large, max-video-preview:-1\" \/>\n<link rel=\"canonical\" href=\"https:\/\/www.timipretty.com\/vi\/phibrows-la-ai\/\" \/>\n<meta property=\"og:locale\" content=\"vi_VN\" \/>\n<meta property=\"og:type\" content=\"article\" \/>\n<meta property=\"og:title\" content=\"Phibrows l\u00e0 g\u00ec - Timi Pretty Eyebrows - \u0110i\u00eau Kh\u1eafc L\u00f4ng M\u00e0y\" \/>\n<meta property=\"og:description\" content=\"Phibrows l\u00e0 vi\u1ec7n \u0111\u00e0o t\u1ea1o c\u00f4ng ngh\u1ec7 \u0111i\u00eau kh\u1eafc n\u1ed5i ti\u1ebfng t\u1eeb Ch\u00e2u \u00c2u. Vi\u1ec7n \u0111\u00e0o t\u1ea1o chuy\u00ean nghi\u1ec7p mang l\u1ea1i d\u00e1ng l\u00f4ng m\u00e0y ho\u00e0n h\u1ea3o c\u1ee7a Phibrows Artist t\u1ea1i Timi.\" \/>\n<meta property=\"og:url\" content=\"https:\/\/www.timipretty.com\/vi\/phibrows-la-ai\/\" \/>\n<meta property=\"og:site_name\" content=\"TimiPretty - Eyebrow Microblading Clinic\" \/>\n<meta property=\"article:modified_time\" content=\"2017-09-20T11:01:13+00:00\" \/>\n<meta name=\"twitter:card\" content=\"summary_large_image\" \/>\n<script type=\"application\/ld+json\" class=\"yoast-schema-graph\">{\"@context\":\"https:\/\/schema.org\",\"@graph\":[{\"@type\":\"WebPage\",\"@id\":\"https:\/\/www.timipretty.com\/vi\/phibrows-la-ai\/\",\"url\":\"https:\/\/www.timipretty.com\/vi\/phibrows-la-ai\/\",\"name\":\"Phibrows l\u00e0 g\u00ec - Timi Pretty Eyebrows - \u0110i\u00eau Kh\u1eafc L\u00f4ng M\u00e0y\",\"isPartOf\":{\"@id\":\"https:\/\/www.timipretty.com\/#website\"},\"datePublished\":\"2017-07-30T07:30:38+00:00\",\"dateModified\":\"2017-09-20T11:01:13+00:00\",\"description\":\"Phibrows l\u00e0 vi\u1ec7n \u0111\u00e0o t\u1ea1o c\u00f4ng ngh\u1ec7 \u0111i\u00eau kh\u1eafc n\u1ed5i ti\u1ebfng t\u1eeb Ch\u00e2u \u00c2u. Vi\u1ec7n \u0111\u00e0o t\u1ea1o chuy\u00ean nghi\u1ec7p mang l\u1ea1i d\u00e1ng l\u00f4ng m\u00e0y ho\u00e0n h\u1ea3o c\u1ee7a Phibrows Artist t\u1ea1i Timi.\",\"breadcrumb\":{\"@id\":\"https:\/\/www.timipretty.com\/vi\/phibrows-la-ai\/#breadcrumb\"},\"inLanguage\":\"vi-VN\",\"potentialAction\":[{\"@type\":\"ReadAction\",\"target\":[\"https:\/\/www.timipretty.com\/vi\/phibrows-la-ai\/\"]}]},{\"@type\":\"BreadcrumbList\",\"@id\":\"https:\/\/www.timipretty.com\/vi\/phibrows-la-ai\/#breadcrumb\",\"itemListElement\":[{\"@type\":\"ListItem\",\"position\":1,\"name\":\"Home\",\"item\":\"https:\/\/www.timipretty.com\/vi\/\"},{\"@type\":\"ListItem\",\"position\":2,\"name\":\"Phibrows l\u00e0 g\u00ec ?\"}]},{\"@type\":\"WebSite\",\"@id\":\"https:\/\/www.timipretty.com\/#website\",\"url\":\"https:\/\/www.timipretty.com\/\",\"name\":\"TimiPretty - Eyebrow Microblading Clinic\",\"description\":\"Pretty Eyebrows by Chau\",\"potentialAction\":[{\"@type\":\"SearchAction\",\"target\":{\"@type\":\"EntryPoint\",\"urlTemplate\":\"https:\/\/www.timipretty.com\/?s={search_term_string}\"},\"query-input\":\"required name=search_term_string\"}],\"inLanguage\":\"vi-VN\"}]}<\/script>\n<!-- \/ Yoast SEO plugin. -->","yoast_head_json":{"title":"Phibrows l\u00e0 g\u00ec - Timi Pretty Eyebrows - \u0110i\u00eau Kh\u1eafc L\u00f4ng M\u00e0y","description":"Phibrows l\u00e0 vi\u1ec7n \u0111\u00e0o t\u1ea1o c\u00f4ng ngh\u1ec7 \u0111i\u00eau kh\u1eafc n\u1ed5i ti\u1ebfng t\u1eeb Ch\u00e2u \u00c2u. Vi\u1ec7n \u0111\u00e0o t\u1ea1o chuy\u00ean nghi\u1ec7p mang l\u1ea1i d\u00e1ng l\u00f4ng m\u00e0y ho\u00e0n h\u1ea3o c\u1ee7a Phibrows Artist t\u1ea1i Timi.","robots":{"index":"index","follow":"follow","max-snippet":"max-snippet:-1","max-image-preview":"max-image-preview:large","max-video-preview":"max-video-preview:-1"},"canonical":"https:\/\/www.timipretty.com\/vi\/phibrows-la-ai\/","og_locale":"vi_VN","og_type":"article","og_title":"Phibrows l\u00e0 g\u00ec - Timi Pretty Eyebrows - \u0110i\u00eau Kh\u1eafc L\u00f4ng M\u00e0y","og_description":"Phibrows l\u00e0 vi\u1ec7n \u0111\u00e0o t\u1ea1o c\u00f4ng ngh\u1ec7 \u0111i\u00eau kh\u1eafc n\u1ed5i ti\u1ebfng t\u1eeb Ch\u00e2u \u00c2u. Vi\u1ec7n \u0111\u00e0o t\u1ea1o chuy\u00ean nghi\u1ec7p mang l\u1ea1i d\u00e1ng l\u00f4ng m\u00e0y ho\u00e0n h\u1ea3o c\u1ee7a Phibrows Artist t\u1ea1i Timi.","og_url":"https:\/\/www.timipretty.com\/vi\/phibrows-la-ai\/","og_site_name":"TimiPretty - Eyebrow Microblading Clinic","article_modified_time":"2017-09-20T11:01:13+00:00","twitter_card":"summary_large_image","schema":{"@context":"https:\/\/schema.org","@graph":[{"@type":"WebPage","@id":"https:\/\/www.timipretty.com\/vi\/phibrows-la-ai\/","url":"https:\/\/www.timipretty.com\/vi\/phibrows-la-ai\/","name":"Phibrows l\u00e0 g\u00ec - Timi Pretty Eyebrows - \u0110i\u00eau Kh\u1eafc L\u00f4ng M\u00e0y","isPartOf":{"@id":"https:\/\/www.timipretty.com\/#website"},"datePublished":"2017-07-30T07:30:38+00:00","dateModified":"2017-09-20T11:01:13+00:00","description":"Phibrows l\u00e0 vi\u1ec7n \u0111\u00e0o t\u1ea1o c\u00f4ng ngh\u1ec7 \u0111i\u00eau kh\u1eafc n\u1ed5i ti\u1ebfng t\u1eeb Ch\u00e2u \u00c2u. Vi\u1ec7n \u0111\u00e0o t\u1ea1o chuy\u00ean nghi\u1ec7p mang l\u1ea1i d\u00e1ng l\u00f4ng m\u00e0y ho\u00e0n h\u1ea3o c\u1ee7a Phibrows Artist t\u1ea1i Timi.","breadcrumb":{"@id":"https:\/\/www.timipretty.com\/vi\/phibrows-la-ai\/#breadcrumb"},"inLanguage":"vi-VN","potentialAction":[{"@type":"ReadAction","target":["https:\/\/www.timipretty.com\/vi\/phibrows-la-ai\/"]}]},{"@type":"BreadcrumbList","@id":"https:\/\/www.timipretty.com\/vi\/phibrows-la-ai\/#breadcrumb","itemListElement":[{"@type":"ListItem","position":1,"name":"Home","item":"https:\/\/www.timipretty.com\/vi\/"},{"@type":"ListItem","position":2,"name":"Phibrows l\u00e0 g\u00ec ?"}]},{"@type":"WebSite","@id":"https:\/\/www.timipretty.com\/#website","url":"https:\/\/www.timipretty.com\/","name":"TimiPretty - Eyebrow Microblading Clinic","description":"Pretty Eyebrows by Chau","potentialAction":[{"@type":"SearchAction","target":{"@type":"EntryPoint","urlTemplate":"https:\/\/www.timipretty.com\/?s={search_term_string}"},"query-input":"required name=search_term_string"}],"inLanguage":"vi-VN"}]}},"_links":{"self":[{"href":"https:\/\/www.timipretty.com\/vi\/wp-json\/wp\/v2\/pages\/675"}],"collection":[{"href":"https:\/\/www.timipretty.com\/vi\/wp-json\/wp\/v2\/pages"}],"about":[{"href":"https:\/\/www.timipretty.com\/vi\/wp-json\/wp\/v2\/types\/page"}],"author":[{"embeddable":true,"href":"https:\/\/www.timipretty.com\/vi\/wp-json\/wp\/v2\/users\/2"}],"replies":[{"embeddable":true,"href":"https:\/\/www.timipretty.com\/vi\/wp-json\/wp\/v2\/comments?post=675"}],"version-history":[{"count":1,"href":"https:\/\/www.timipretty.com\/vi\/wp-json\/wp\/v2\/pages\/675\/revisions"}],"predecessor-version":[{"id":1545,"href":"https:\/\/www.timipretty.com\/vi\/wp-json\/wp\/v2\/pages\/675\/revisions\/1545"}],"wp:attachment":[{"href":"https:\/\/www.timipretty.com\/vi\/wp-json\/wp\/v2\/media?parent=675"}],"curies":[{"name":"wp","href":"https:\/\/api.w.org\/{rel}","templated":true}]}}