{"id":850,"date":"2017-08-24T06:27:29","date_gmt":"2017-08-24T06:27:29","guid":{"rendered":"http:\/\/timipretty.com\/?page_id=850\/"},"modified":"2017-09-15T15:08:03","modified_gmt":"2017-09-15T08:08:03","slug":"faq","status":"publish","type":"page","link":"https:\/\/www.timipretty.com\/vi\/faq\/","title":{"rendered":"FAQ"},"content":{"rendered":"","protected":false},"excerpt":{"rendered":"","protected":false},"author":2,"featured_media":0,"parent":0,"menu_order":0,"comment_status":"closed","ping_status":"closed","template":"","meta":[],"yoast_head":"<!-- This site is optimized with the Yoast SEO plugin v20.11 - https:\/\/yoast.com\/wordpress\/plugins\/seo\/ -->\n<title>\u0110i\u00eau kh\u1eafc l\u00f4ng m\u00e0y c\u00f3 \u0111au kh\u00f4ng ? Timi - C\u00e2u h\u1ecfi v\u00e0 h\u01b0\u1edbng d\u1eabn c\u00e1ch<\/title>\n<meta name=\"description\" content=\"N\u1ebfu b\u1ea1n \u0111ang quan t\u00e2m v\u00e0 lo l\u1eafng qu\u00e1 tr\u00ecnh \u0111i\u00eau kh\u1eafc l\u00f4ng m\u00e0y c\u00f3 \u0111au kh\u00f4ng h\u00e3y tham kh\u1ea3o th\u00eam th\u00f4ng tin \u1edf trang c\u1ee7a Timi nh\u00e9.\" \/>\n<meta name=\"robots\" content=\"index, follow, max-snippet:-1, max-image-preview:large, max-video-preview:-1\" \/>\n<link rel=\"canonical\" href=\"https:\/\/www.timipretty.com\/vi\/faq\/\" \/>\n<meta property=\"og:locale\" content=\"vi_VN\" \/>\n<meta property=\"og:type\" content=\"article\" \/>\n<meta property=\"og:title\" content=\"\u0110i\u00eau kh\u1eafc l\u00f4ng m\u00e0y c\u00f3 \u0111au kh\u00f4ng ? Timi - C\u00e2u h\u1ecfi v\u00e0 h\u01b0\u1edbng d\u1eabn c\u00e1ch\" \/>\n<meta property=\"og:description\" content=\"N\u1ebfu b\u1ea1n \u0111ang quan t\u00e2m v\u00e0 lo l\u1eafng qu\u00e1 tr\u00ecnh \u0111i\u00eau kh\u1eafc l\u00f4ng m\u00e0y c\u00f3 \u0111au kh\u00f4ng h\u00e3y tham kh\u1ea3o th\u00eam th\u00f4ng tin \u1edf trang c\u1ee7a Timi nh\u00e9.\" \/>\n<meta property=\"og:url\" content=\"https:\/\/www.timipretty.com\/vi\/faq\/\" \/>\n<meta property=\"og:site_name\" content=\"TimiPretty - Eyebrow Microblading Clinic\" \/>\n<meta property=\"article:modified_time\" content=\"2017-09-15T08:08:03+00:00\" \/>\n<meta name=\"twitter:card\" content=\"summary_large_image\" \/>\n<script type=\"application\/ld+json\" class=\"yoast-schema-graph\">{\"@context\":\"https:\/\/schema.org\",\"@graph\":[{\"@type\":\"WebPage\",\"@id\":\"https:\/\/www.timipretty.com\/vi\/faq\/\",\"url\":\"https:\/\/www.timipretty.com\/vi\/faq\/\",\"name\":\"\u0110i\u00eau kh\u1eafc l\u00f4ng m\u00e0y c\u00f3 \u0111au kh\u00f4ng ? Timi - C\u00e2u h\u1ecfi v\u00e0 h\u01b0\u1edbng d\u1eabn c\u00e1ch\",\"isPartOf\":{\"@id\":\"https:\/\/www.timipretty.com\/#website\"},\"datePublished\":\"2017-08-24T06:27:29+00:00\",\"dateModified\":\"2017-09-15T08:08:03+00:00\",\"description\":\"N\u1ebfu b\u1ea1n \u0111ang quan t\u00e2m v\u00e0 lo l\u1eafng qu\u00e1 tr\u00ecnh \u0111i\u00eau kh\u1eafc l\u00f4ng m\u00e0y c\u00f3 \u0111au kh\u00f4ng h\u00e3y tham kh\u1ea3o th\u00eam th\u00f4ng tin \u1edf trang c\u1ee7a Timi nh\u00e9.\",\"breadcrumb\":{\"@id\":\"https:\/\/www.timipretty.com\/vi\/faq\/#breadcrumb\"},\"inLanguage\":\"vi-VN\",\"potentialAction\":[{\"@type\":\"ReadAction\",\"target\":[\"https:\/\/www.timipretty.com\/vi\/faq\/\"]}]},{\"@type\":\"BreadcrumbList\",\"@id\":\"https:\/\/www.timipretty.com\/vi\/faq\/#breadcrumb\",\"itemListElement\":[{\"@type\":\"ListItem\",\"position\":1,\"name\":\"Home\",\"item\":\"https:\/\/www.timipretty.com\/vi\/\"},{\"@type\":\"ListItem\",\"position\":2,\"name\":\"FAQ\"}]},{\"@type\":\"WebSite\",\"@id\":\"https:\/\/www.timipretty.com\/#website\",\"url\":\"https:\/\/www.timipretty.com\/\",\"name\":\"TimiPretty - Eyebrow Microblading Clinic\",\"description\":\"Pretty Eyebrows by Chau\",\"potentialAction\":[{\"@type\":\"SearchAction\",\"target\":{\"@type\":\"EntryPoint\",\"urlTemplate\":\"https:\/\/www.timipretty.com\/?s={search_term_string}\"},\"query-input\":\"required name=search_term_string\"}],\"inLanguage\":\"vi-VN\"}]}<\/script>\n<!-- \/ Yoast SEO plugin. -->","yoast_head_json":{"title":"\u0110i\u00eau kh\u1eafc l\u00f4ng m\u00e0y c\u00f3 \u0111au kh\u00f4ng ? Timi - C\u00e2u h\u1ecfi v\u00e0 h\u01b0\u1edbng d\u1eabn c\u00e1ch","description":"N\u1ebfu b\u1ea1n \u0111ang quan t\u00e2m v\u00e0 lo l\u1eafng qu\u00e1 tr\u00ecnh \u0111i\u00eau kh\u1eafc l\u00f4ng m\u00e0y c\u00f3 \u0111au kh\u00f4ng h\u00e3y tham kh\u1ea3o th\u00eam th\u00f4ng tin \u1edf trang c\u1ee7a Timi nh\u00e9.","robots":{"index":"index","follow":"follow","max-snippet":"max-snippet:-1","max-image-preview":"max-image-preview:large","max-video-preview":"max-video-preview:-1"},"canonical":"https:\/\/www.timipretty.com\/vi\/faq\/","og_locale":"vi_VN","og_type":"article","og_title":"\u0110i\u00eau kh\u1eafc l\u00f4ng m\u00e0y c\u00f3 \u0111au kh\u00f4ng ? Timi - C\u00e2u h\u1ecfi v\u00e0 h\u01b0\u1edbng d\u1eabn c\u00e1ch","og_description":"N\u1ebfu b\u1ea1n \u0111ang quan t\u00e2m v\u00e0 lo l\u1eafng qu\u00e1 tr\u00ecnh \u0111i\u00eau kh\u1eafc l\u00f4ng m\u00e0y c\u00f3 \u0111au kh\u00f4ng h\u00e3y tham kh\u1ea3o th\u00eam th\u00f4ng tin \u1edf trang c\u1ee7a Timi nh\u00e9.","og_url":"https:\/\/www.timipretty.com\/vi\/faq\/","og_site_name":"TimiPretty - Eyebrow Microblading Clinic","article_modified_time":"2017-09-15T08:08:03+00:00","twitter_card":"summary_large_image","schema":{"@context":"https:\/\/schema.org","@graph":[{"@type":"WebPage","@id":"https:\/\/www.timipretty.com\/vi\/faq\/","url":"https:\/\/www.timipretty.com\/vi\/faq\/","name":"\u0110i\u00eau kh\u1eafc l\u00f4ng m\u00e0y c\u00f3 \u0111au kh\u00f4ng ? Timi - C\u00e2u h\u1ecfi v\u00e0 h\u01b0\u1edbng d\u1eabn c\u00e1ch","isPartOf":{"@id":"https:\/\/www.timipretty.com\/#website"},"datePublished":"2017-08-24T06:27:29+00:00","dateModified":"2017-09-15T08:08:03+00:00","description":"N\u1ebfu b\u1ea1n \u0111ang quan t\u00e2m v\u00e0 lo l\u1eafng qu\u00e1 tr\u00ecnh \u0111i\u00eau kh\u1eafc l\u00f4ng m\u00e0y c\u00f3 \u0111au kh\u00f4ng h\u00e3y tham kh\u1ea3o th\u00eam th\u00f4ng tin \u1edf trang c\u1ee7a Timi nh\u00e9.","breadcrumb":{"@id":"https:\/\/www.timipretty.com\/vi\/faq\/#breadcrumb"},"inLanguage":"vi-VN","potentialAction":[{"@type":"ReadAction","target":["https:\/\/www.timipretty.com\/vi\/faq\/"]}]},{"@type":"BreadcrumbList","@id":"https:\/\/www.timipretty.com\/vi\/faq\/#breadcrumb","itemListElement":[{"@type":"ListItem","position":1,"name":"Home","item":"https:\/\/www.timipretty.com\/vi\/"},{"@type":"ListItem","position":2,"name":"FAQ"}]},{"@type":"WebSite","@id":"https:\/\/www.timipretty.com\/#website","url":"https:\/\/www.timipretty.com\/","name":"TimiPretty - Eyebrow Microblading Clinic","description":"Pretty Eyebrows by Chau","potentialAction":[{"@type":"SearchAction","target":{"@type":"EntryPoint","urlTemplate":"https:\/\/www.timipretty.com\/?s={search_term_string}"},"query-input":"required name=search_term_string"}],"inLanguage":"vi-VN"}]}},"_links":{"self":[{"href":"https:\/\/www.timipretty.com\/vi\/wp-json\/wp\/v2\/pages\/850"}],"collection":[{"href":"https:\/\/www.timipretty.com\/vi\/wp-json\/wp\/v2\/pages"}],"about":[{"href":"https:\/\/www.timipretty.com\/vi\/wp-json\/wp\/v2\/types\/page"}],"author":[{"embeddable":true,"href":"https:\/\/www.timipretty.com\/vi\/wp-json\/wp\/v2\/users\/2"}],"replies":[{"embeddable":true,"href":"https:\/\/www.timipretty.com\/vi\/wp-json\/wp\/v2\/comments?post=850"}],"version-history":[{"count":2,"href":"https:\/\/www.timipretty.com\/vi\/wp-json\/wp\/v2\/pages\/850\/revisions"}],"predecessor-version":[{"id":1563,"href":"https:\/\/www.timipretty.com\/vi\/wp-json\/wp\/v2\/pages\/850\/revisions\/1563"}],"wp:attachment":[{"href":"https:\/\/www.timipretty.com\/vi\/wp-json\/wp\/v2\/media?parent=850"}],"curies":[{"name":"wp","href":"https:\/\/api.w.org\/{rel}","templated":true}]}}