{"id":856,"date":"2017-08-25T06:15:59","date_gmt":"2017-08-24T23:15:59","guid":{"rendered":"http:\/\/timipretty.com\/?page_id=856\/"},"modified":"2023-07-12T16:51:58","modified_gmt":"2023-07-12T09:51:58","slug":"dieu-khac-long-may-nu","status":"publish","type":"page","link":"https:\/\/www.timipretty.com\/vi\/dieu-khac-long-may-nu\/","title":{"rendered":"\u0110i\u00eau Kh\u1eafc Ch\u00e2n M\u00e0y N\u1eef"},"content":{"rendered":"","protected":false},"excerpt":{"rendered":"","protected":false},"author":2,"featured_media":0,"parent":0,"menu_order":0,"comment_status":"closed","ping_status":"closed","template":"","meta":[],"yoast_head":"<!-- This site is optimized with the Yoast SEO plugin v20.11 - https:\/\/yoast.com\/wordpress\/plugins\/seo\/ -->\n<title>\u0110i\u00eau Kh\u1eafc Ch\u00e2n M\u00e0y N\u1eef - Timi - Ch\u0103m S\u00f3c L\u00f4ng M\u00e0y<\/title>\n<meta name=\"description\" content=\"Timi \u0110i\u00eau kh\u1eafc ch\u00e2n m\u00e0y N\u1eef, c\u00f4ng ngh\u1ec7 Ch\u00e2u \u00c2u t\u1ea1o s\u1ee3i m\u1ec1m m\u1ea1i m\u1edbi nh\u1ea5t mang l\u1ea1i v\u1ebd \u0111\u1eb9p t\u1ef1 nhi\u00ean. D\u1ee5ng c\u1ee5 v\u00e0 m\u1ef1c s\u1eed d\u1ee5ng \u0111\u01b0\u1ee3c nh\u1eadp t\u1eeb \u0110\u1ee9c.\" \/>\n<meta name=\"robots\" content=\"index, follow, max-snippet:-1, max-image-preview:large, max-video-preview:-1\" \/>\n<link rel=\"canonical\" href=\"https:\/\/www.timipretty.com\/vi\/dieu-khac-long-may-nu\/\" \/>\n<meta property=\"og:locale\" content=\"vi_VN\" \/>\n<meta property=\"og:type\" content=\"article\" \/>\n<meta property=\"og:title\" content=\"\u0110i\u00eau Kh\u1eafc Ch\u00e2n M\u00e0y N\u1eef - Timi - Ch\u0103m S\u00f3c L\u00f4ng M\u00e0y\" \/>\n<meta property=\"og:description\" content=\"Timi \u0110i\u00eau kh\u1eafc ch\u00e2n m\u00e0y N\u1eef, c\u00f4ng ngh\u1ec7 Ch\u00e2u \u00c2u t\u1ea1o s\u1ee3i m\u1ec1m m\u1ea1i m\u1edbi nh\u1ea5t mang l\u1ea1i v\u1ebd \u0111\u1eb9p t\u1ef1 nhi\u00ean. D\u1ee5ng c\u1ee5 v\u00e0 m\u1ef1c s\u1eed d\u1ee5ng \u0111\u01b0\u1ee3c nh\u1eadp t\u1eeb \u0110\u1ee9c.\" \/>\n<meta property=\"og:url\" content=\"https:\/\/www.timipretty.com\/vi\/dieu-khac-long-may-nu\/\" \/>\n<meta property=\"og:site_name\" content=\"TimiPretty - Eyebrow Microblading Clinic\" \/>\n<meta property=\"article:modified_time\" content=\"2023-07-12T09:51:58+00:00\" \/>\n<meta name=\"twitter:card\" content=\"summary_large_image\" \/>\n<script type=\"application\/ld+json\" class=\"yoast-schema-graph\">{\"@context\":\"https:\/\/schema.org\",\"@graph\":[{\"@type\":\"WebPage\",\"@id\":\"https:\/\/www.timipretty.com\/vi\/dieu-khac-long-may-nu\/\",\"url\":\"https:\/\/www.timipretty.com\/vi\/dieu-khac-long-may-nu\/\",\"name\":\"\u0110i\u00eau Kh\u1eafc Ch\u00e2n M\u00e0y N\u1eef - Timi - Ch\u0103m S\u00f3c L\u00f4ng M\u00e0y\",\"isPartOf\":{\"@id\":\"https:\/\/www.timipretty.com\/#website\"},\"datePublished\":\"2017-08-24T23:15:59+00:00\",\"dateModified\":\"2023-07-12T09:51:58+00:00\",\"description\":\"Timi \u0110i\u00eau kh\u1eafc ch\u00e2n m\u00e0y N\u1eef, c\u00f4ng ngh\u1ec7 Ch\u00e2u \u00c2u t\u1ea1o s\u1ee3i m\u1ec1m m\u1ea1i m\u1edbi nh\u1ea5t mang l\u1ea1i v\u1ebd \u0111\u1eb9p t\u1ef1 nhi\u00ean. D\u1ee5ng c\u1ee5 v\u00e0 m\u1ef1c s\u1eed d\u1ee5ng \u0111\u01b0\u1ee3c nh\u1eadp t\u1eeb \u0110\u1ee9c.\",\"breadcrumb\":{\"@id\":\"https:\/\/www.timipretty.com\/vi\/dieu-khac-long-may-nu\/#breadcrumb\"},\"inLanguage\":\"vi-VN\",\"potentialAction\":[{\"@type\":\"ReadAction\",\"target\":[\"https:\/\/www.timipretty.com\/vi\/dieu-khac-long-may-nu\/\"]}]},{\"@type\":\"BreadcrumbList\",\"@id\":\"https:\/\/www.timipretty.com\/vi\/dieu-khac-long-may-nu\/#breadcrumb\",\"itemListElement\":[{\"@type\":\"ListItem\",\"position\":1,\"name\":\"Home\",\"item\":\"https:\/\/www.timipretty.com\/vi\/\"},{\"@type\":\"ListItem\",\"position\":2,\"name\":\"\u0110i\u00eau Kh\u1eafc Ch\u00e2n M\u00e0y N\u1eef\"}]},{\"@type\":\"WebSite\",\"@id\":\"https:\/\/www.timipretty.com\/#website\",\"url\":\"https:\/\/www.timipretty.com\/\",\"name\":\"TimiPretty - Eyebrow Microblading Clinic\",\"description\":\"Pretty Eyebrows by Chau\",\"potentialAction\":[{\"@type\":\"SearchAction\",\"target\":{\"@type\":\"EntryPoint\",\"urlTemplate\":\"https:\/\/www.timipretty.com\/?s={search_term_string}\"},\"query-input\":\"required name=search_term_string\"}],\"inLanguage\":\"vi-VN\"}]}<\/script>\n<!-- \/ Yoast SEO plugin. -->","yoast_head_json":{"title":"\u0110i\u00eau Kh\u1eafc Ch\u00e2n M\u00e0y N\u1eef - Timi - Ch\u0103m S\u00f3c L\u00f4ng M\u00e0y","description":"Timi \u0110i\u00eau kh\u1eafc ch\u00e2n m\u00e0y N\u1eef, c\u00f4ng ngh\u1ec7 Ch\u00e2u \u00c2u t\u1ea1o s\u1ee3i m\u1ec1m m\u1ea1i m\u1edbi nh\u1ea5t mang l\u1ea1i v\u1ebd \u0111\u1eb9p t\u1ef1 nhi\u00ean. D\u1ee5ng c\u1ee5 v\u00e0 m\u1ef1c s\u1eed d\u1ee5ng \u0111\u01b0\u1ee3c nh\u1eadp t\u1eeb \u0110\u1ee9c.","robots":{"index":"index","follow":"follow","max-snippet":"max-snippet:-1","max-image-preview":"max-image-preview:large","max-video-preview":"max-video-preview:-1"},"canonical":"https:\/\/www.timipretty.com\/vi\/dieu-khac-long-may-nu\/","og_locale":"vi_VN","og_type":"article","og_title":"\u0110i\u00eau Kh\u1eafc Ch\u00e2n M\u00e0y N\u1eef - Timi - Ch\u0103m S\u00f3c L\u00f4ng M\u00e0y","og_description":"Timi \u0110i\u00eau kh\u1eafc ch\u00e2n m\u00e0y N\u1eef, c\u00f4ng ngh\u1ec7 Ch\u00e2u \u00c2u t\u1ea1o s\u1ee3i m\u1ec1m m\u1ea1i m\u1edbi nh\u1ea5t mang l\u1ea1i v\u1ebd \u0111\u1eb9p t\u1ef1 nhi\u00ean. D\u1ee5ng c\u1ee5 v\u00e0 m\u1ef1c s\u1eed d\u1ee5ng \u0111\u01b0\u1ee3c nh\u1eadp t\u1eeb \u0110\u1ee9c.","og_url":"https:\/\/www.timipretty.com\/vi\/dieu-khac-long-may-nu\/","og_site_name":"TimiPretty - Eyebrow Microblading Clinic","article_modified_time":"2023-07-12T09:51:58+00:00","twitter_card":"summary_large_image","schema":{"@context":"https:\/\/schema.org","@graph":[{"@type":"WebPage","@id":"https:\/\/www.timipretty.com\/vi\/dieu-khac-long-may-nu\/","url":"https:\/\/www.timipretty.com\/vi\/dieu-khac-long-may-nu\/","name":"\u0110i\u00eau Kh\u1eafc Ch\u00e2n M\u00e0y N\u1eef - Timi - Ch\u0103m S\u00f3c L\u00f4ng M\u00e0y","isPartOf":{"@id":"https:\/\/www.timipretty.com\/#website"},"datePublished":"2017-08-24T23:15:59+00:00","dateModified":"2023-07-12T09:51:58+00:00","description":"Timi \u0110i\u00eau kh\u1eafc ch\u00e2n m\u00e0y N\u1eef, c\u00f4ng ngh\u1ec7 Ch\u00e2u \u00c2u t\u1ea1o s\u1ee3i m\u1ec1m m\u1ea1i m\u1edbi nh\u1ea5t mang l\u1ea1i v\u1ebd \u0111\u1eb9p t\u1ef1 nhi\u00ean. D\u1ee5ng c\u1ee5 v\u00e0 m\u1ef1c s\u1eed d\u1ee5ng \u0111\u01b0\u1ee3c nh\u1eadp t\u1eeb \u0110\u1ee9c.","breadcrumb":{"@id":"https:\/\/www.timipretty.com\/vi\/dieu-khac-long-may-nu\/#breadcrumb"},"inLanguage":"vi-VN","potentialAction":[{"@type":"ReadAction","target":["https:\/\/www.timipretty.com\/vi\/dieu-khac-long-may-nu\/"]}]},{"@type":"BreadcrumbList","@id":"https:\/\/www.timipretty.com\/vi\/dieu-khac-long-may-nu\/#breadcrumb","itemListElement":[{"@type":"ListItem","position":1,"name":"Home","item":"https:\/\/www.timipretty.com\/vi\/"},{"@type":"ListItem","position":2,"name":"\u0110i\u00eau Kh\u1eafc Ch\u00e2n M\u00e0y N\u1eef"}]},{"@type":"WebSite","@id":"https:\/\/www.timipretty.com\/#website","url":"https:\/\/www.timipretty.com\/","name":"TimiPretty - Eyebrow Microblading Clinic","description":"Pretty Eyebrows by Chau","potentialAction":[{"@type":"SearchAction","target":{"@type":"EntryPoint","urlTemplate":"https:\/\/www.timipretty.com\/?s={search_term_string}"},"query-input":"required name=search_term_string"}],"inLanguage":"vi-VN"}]}},"_links":{"self":[{"href":"https:\/\/www.timipretty.com\/vi\/wp-json\/wp\/v2\/pages\/856"}],"collection":[{"href":"https:\/\/www.timipretty.com\/vi\/wp-json\/wp\/v2\/pages"}],"about":[{"href":"https:\/\/www.timipretty.com\/vi\/wp-json\/wp\/v2\/types\/page"}],"author":[{"embeddable":true,"href":"https:\/\/www.timipretty.com\/vi\/wp-json\/wp\/v2\/users\/2"}],"replies":[{"embeddable":true,"href":"https:\/\/www.timipretty.com\/vi\/wp-json\/wp\/v2\/comments?post=856"}],"version-history":[{"count":5,"href":"https:\/\/www.timipretty.com\/vi\/wp-json\/wp\/v2\/pages\/856\/revisions"}],"predecessor-version":[{"id":2062,"href":"https:\/\/www.timipretty.com\/vi\/wp-json\/wp\/v2\/pages\/856\/revisions\/2062"}],"wp:attachment":[{"href":"https:\/\/www.timipretty.com\/vi\/wp-json\/wp\/v2\/media?parent=856"}],"curies":[{"name":"wp","href":"https:\/\/api.w.org\/{rel}","templated":true}]}}