{"id":870,"date":"2017-08-29T12:53:22","date_gmt":"2017-08-29T05:53:22","guid":{"rendered":"http:\/\/timipretty.com\/?page_id=870\/"},"modified":"2025-04-09T11:23:26","modified_gmt":"2025-04-09T04:23:26","slug":"vien-cham-soc-long-may","status":"publish","type":"page","link":"https:\/\/www.timipretty.com\/vi\/vien-cham-soc-long-may\/","title":{"rendered":"Li\u00ean l\u1ea1c"},"content":{"rendered":"","protected":false},"excerpt":{"rendered":"","protected":false},"author":2,"featured_media":0,"parent":0,"menu_order":0,"comment_status":"closed","ping_status":"closed","template":"","meta":[],"yoast_head":"<!-- This site is optimized with the Yoast SEO plugin v20.11 - https:\/\/yoast.com\/wordpress\/plugins\/seo\/ -->\n<title>Vi\u1ec7n ch\u0103m s\u00f3c l\u00f4ng m\u00e0y - Timi - \u0110i\u00eau Kh\u1eafc L\u00f4ng M\u00e0y 3D<\/title>\n<meta name=\"description\" content=\"Timi Vi\u1ec7n ch\u0103m s\u00f3c l\u00f4ng m\u00e0y v\u1edbi c\u00f4ng ngh\u1ec7 m\u1edbi nh\u1ea5t t\u1eeb Ch\u00e2u \u00c2u, d\u00e0nh cho c\u1ea3 Nam v\u00e0 N\u1eef, kh\u00f4ng ph\u00e2n bi\u1ec7t gi\u1edbi t\u00ednh. An to\u00e0n h\u1ee3p v\u1ec7 sinh cho s\u1ee9c kho\u1ebb.\" \/>\n<meta name=\"robots\" content=\"index, follow, max-snippet:-1, max-image-preview:large, max-video-preview:-1\" \/>\n<link rel=\"canonical\" href=\"https:\/\/www.timipretty.com\/vi\/vien-cham-soc-long-may\/\" \/>\n<meta property=\"og:locale\" content=\"vi_VN\" \/>\n<meta property=\"og:type\" content=\"article\" \/>\n<meta property=\"og:title\" content=\"Vi\u1ec7n ch\u0103m s\u00f3c l\u00f4ng m\u00e0y - Timi - \u0110i\u00eau Kh\u1eafc L\u00f4ng M\u00e0y 3D\" \/>\n<meta property=\"og:description\" content=\"Timi Vi\u1ec7n ch\u0103m s\u00f3c l\u00f4ng m\u00e0y v\u1edbi c\u00f4ng ngh\u1ec7 m\u1edbi nh\u1ea5t t\u1eeb Ch\u00e2u \u00c2u, d\u00e0nh cho c\u1ea3 Nam v\u00e0 N\u1eef, kh\u00f4ng ph\u00e2n bi\u1ec7t gi\u1edbi t\u00ednh. An to\u00e0n h\u1ee3p v\u1ec7 sinh cho s\u1ee9c kho\u1ebb.\" \/>\n<meta property=\"og:url\" content=\"https:\/\/www.timipretty.com\/vi\/vien-cham-soc-long-may\/\" \/>\n<meta property=\"og:site_name\" content=\"TimiPretty - Eyebrow Microblading Clinic\" \/>\n<meta property=\"article:modified_time\" content=\"2025-04-09T04:23:26+00:00\" \/>\n<meta name=\"twitter:card\" content=\"summary_large_image\" \/>\n<script type=\"application\/ld+json\" class=\"yoast-schema-graph\">{\"@context\":\"https:\/\/schema.org\",\"@graph\":[{\"@type\":\"WebPage\",\"@id\":\"https:\/\/www.timipretty.com\/vi\/vien-cham-soc-long-may\/\",\"url\":\"https:\/\/www.timipretty.com\/vi\/vien-cham-soc-long-may\/\",\"name\":\"Vi\u1ec7n ch\u0103m s\u00f3c l\u00f4ng m\u00e0y - Timi - \u0110i\u00eau Kh\u1eafc L\u00f4ng M\u00e0y 3D\",\"isPartOf\":{\"@id\":\"https:\/\/www.timipretty.com\/#website\"},\"datePublished\":\"2017-08-29T05:53:22+00:00\",\"dateModified\":\"2025-04-09T04:23:26+00:00\",\"description\":\"Timi Vi\u1ec7n ch\u0103m s\u00f3c l\u00f4ng m\u00e0y v\u1edbi c\u00f4ng ngh\u1ec7 m\u1edbi nh\u1ea5t t\u1eeb Ch\u00e2u \u00c2u, d\u00e0nh cho c\u1ea3 Nam v\u00e0 N\u1eef, kh\u00f4ng ph\u00e2n bi\u1ec7t gi\u1edbi t\u00ednh. An to\u00e0n h\u1ee3p v\u1ec7 sinh cho s\u1ee9c kho\u1ebb.\",\"breadcrumb\":{\"@id\":\"https:\/\/www.timipretty.com\/vi\/vien-cham-soc-long-may\/#breadcrumb\"},\"inLanguage\":\"vi-VN\",\"potentialAction\":[{\"@type\":\"ReadAction\",\"target\":[\"https:\/\/www.timipretty.com\/vi\/vien-cham-soc-long-may\/\"]}]},{\"@type\":\"BreadcrumbList\",\"@id\":\"https:\/\/www.timipretty.com\/vi\/vien-cham-soc-long-may\/#breadcrumb\",\"itemListElement\":[{\"@type\":\"ListItem\",\"position\":1,\"name\":\"Home\",\"item\":\"https:\/\/www.timipretty.com\/vi\/\"},{\"@type\":\"ListItem\",\"position\":2,\"name\":\"Li\u00ean l\u1ea1c\"}]},{\"@type\":\"WebSite\",\"@id\":\"https:\/\/www.timipretty.com\/#website\",\"url\":\"https:\/\/www.timipretty.com\/\",\"name\":\"TimiPretty - Eyebrow Microblading Clinic\",\"description\":\"Pretty Eyebrows by Chau\",\"potentialAction\":[{\"@type\":\"SearchAction\",\"target\":{\"@type\":\"EntryPoint\",\"urlTemplate\":\"https:\/\/www.timipretty.com\/?s={search_term_string}\"},\"query-input\":\"required name=search_term_string\"}],\"inLanguage\":\"vi-VN\"}]}<\/script>\n<!-- \/ Yoast SEO plugin. -->","yoast_head_json":{"title":"Vi\u1ec7n ch\u0103m s\u00f3c l\u00f4ng m\u00e0y - Timi - \u0110i\u00eau Kh\u1eafc L\u00f4ng M\u00e0y 3D","description":"Timi Vi\u1ec7n ch\u0103m s\u00f3c l\u00f4ng m\u00e0y v\u1edbi c\u00f4ng ngh\u1ec7 m\u1edbi nh\u1ea5t t\u1eeb Ch\u00e2u \u00c2u, d\u00e0nh cho c\u1ea3 Nam v\u00e0 N\u1eef, kh\u00f4ng ph\u00e2n bi\u1ec7t gi\u1edbi t\u00ednh. An to\u00e0n h\u1ee3p v\u1ec7 sinh cho s\u1ee9c kho\u1ebb.","robots":{"index":"index","follow":"follow","max-snippet":"max-snippet:-1","max-image-preview":"max-image-preview:large","max-video-preview":"max-video-preview:-1"},"canonical":"https:\/\/www.timipretty.com\/vi\/vien-cham-soc-long-may\/","og_locale":"vi_VN","og_type":"article","og_title":"Vi\u1ec7n ch\u0103m s\u00f3c l\u00f4ng m\u00e0y - Timi - \u0110i\u00eau Kh\u1eafc L\u00f4ng M\u00e0y 3D","og_description":"Timi Vi\u1ec7n ch\u0103m s\u00f3c l\u00f4ng m\u00e0y v\u1edbi c\u00f4ng ngh\u1ec7 m\u1edbi nh\u1ea5t t\u1eeb Ch\u00e2u \u00c2u, d\u00e0nh cho c\u1ea3 Nam v\u00e0 N\u1eef, kh\u00f4ng ph\u00e2n bi\u1ec7t gi\u1edbi t\u00ednh. An to\u00e0n h\u1ee3p v\u1ec7 sinh cho s\u1ee9c kho\u1ebb.","og_url":"https:\/\/www.timipretty.com\/vi\/vien-cham-soc-long-may\/","og_site_name":"TimiPretty - Eyebrow Microblading Clinic","article_modified_time":"2025-04-09T04:23:26+00:00","twitter_card":"summary_large_image","schema":{"@context":"https:\/\/schema.org","@graph":[{"@type":"WebPage","@id":"https:\/\/www.timipretty.com\/vi\/vien-cham-soc-long-may\/","url":"https:\/\/www.timipretty.com\/vi\/vien-cham-soc-long-may\/","name":"Vi\u1ec7n ch\u0103m s\u00f3c l\u00f4ng m\u00e0y - Timi - \u0110i\u00eau Kh\u1eafc L\u00f4ng M\u00e0y 3D","isPartOf":{"@id":"https:\/\/www.timipretty.com\/#website"},"datePublished":"2017-08-29T05:53:22+00:00","dateModified":"2025-04-09T04:23:26+00:00","description":"Timi Vi\u1ec7n ch\u0103m s\u00f3c l\u00f4ng m\u00e0y v\u1edbi c\u00f4ng ngh\u1ec7 m\u1edbi nh\u1ea5t t\u1eeb Ch\u00e2u \u00c2u, d\u00e0nh cho c\u1ea3 Nam v\u00e0 N\u1eef, kh\u00f4ng ph\u00e2n bi\u1ec7t gi\u1edbi t\u00ednh. An to\u00e0n h\u1ee3p v\u1ec7 sinh cho s\u1ee9c kho\u1ebb.","breadcrumb":{"@id":"https:\/\/www.timipretty.com\/vi\/vien-cham-soc-long-may\/#breadcrumb"},"inLanguage":"vi-VN","potentialAction":[{"@type":"ReadAction","target":["https:\/\/www.timipretty.com\/vi\/vien-cham-soc-long-may\/"]}]},{"@type":"BreadcrumbList","@id":"https:\/\/www.timipretty.com\/vi\/vien-cham-soc-long-may\/#breadcrumb","itemListElement":[{"@type":"ListItem","position":1,"name":"Home","item":"https:\/\/www.timipretty.com\/vi\/"},{"@type":"ListItem","position":2,"name":"Li\u00ean l\u1ea1c"}]},{"@type":"WebSite","@id":"https:\/\/www.timipretty.com\/#website","url":"https:\/\/www.timipretty.com\/","name":"TimiPretty - Eyebrow Microblading Clinic","description":"Pretty Eyebrows by Chau","potentialAction":[{"@type":"SearchAction","target":{"@type":"EntryPoint","urlTemplate":"https:\/\/www.timipretty.com\/?s={search_term_string}"},"query-input":"required name=search_term_string"}],"inLanguage":"vi-VN"}]}},"_links":{"self":[{"href":"https:\/\/www.timipretty.com\/vi\/wp-json\/wp\/v2\/pages\/870"}],"collection":[{"href":"https:\/\/www.timipretty.com\/vi\/wp-json\/wp\/v2\/pages"}],"about":[{"href":"https:\/\/www.timipretty.com\/vi\/wp-json\/wp\/v2\/types\/page"}],"author":[{"embeddable":true,"href":"https:\/\/www.timipretty.com\/vi\/wp-json\/wp\/v2\/users\/2"}],"replies":[{"embeddable":true,"href":"https:\/\/www.timipretty.com\/vi\/wp-json\/wp\/v2\/comments?post=870"}],"version-history":[{"count":5,"href":"https:\/\/www.timipretty.com\/vi\/wp-json\/wp\/v2\/pages\/870\/revisions"}],"predecessor-version":[{"id":2075,"href":"https:\/\/www.timipretty.com\/vi\/wp-json\/wp\/v2\/pages\/870\/revisions\/2075"}],"wp:attachment":[{"href":"https:\/\/www.timipretty.com\/vi\/wp-json\/wp\/v2\/media?parent=870"}],"curies":[{"name":"wp","href":"https:\/\/api.w.org\/{rel}","templated":true}]}}