{"id":895,"date":"2017-08-30T13:28:47","date_gmt":"2017-08-30T06:28:47","guid":{"rendered":"http:\/\/timipretty.com\/?page_id=895\/"},"modified":"2017-09-09T14:52:12","modified_gmt":"2017-09-09T07:52:12","slug":"home","status":"publish","type":"page","link":"https:\/\/www.timipretty.com\/vi\/","title":{"rendered":"HOME"},"content":{"rendered":"","protected":false},"excerpt":{"rendered":"","protected":false},"author":2,"featured_media":0,"parent":0,"menu_order":0,"comment_status":"closed","ping_status":"closed","template":"","meta":[],"yoast_head":"<!-- This site is optimized with the Yoast SEO plugin v20.11 - https:\/\/yoast.com\/wordpress\/plugins\/seo\/ -->\n<title>Timi - \u0110i\u00eau Kh\u1eafc L\u00f4ng M\u00e0y 3D - Vi\u1ec7n Ch\u0103m S\u00f3c L\u00f4ng M\u00e0y<\/title>\n<meta name=\"description\" content=\"Timi \u0110i\u00eau kh\u1eafc l\u00f4ng m\u00e0y 3D c\u00f4ng ngh\u1ec7 Ch\u00e2u \u00c2u, t\u1ea1o s\u1ee3i m\u1ec1m m\u1ea1i, d\u1ee5ng c\u1ee5 v\u00e0 m\u1ef1c s\u1eed d\u1ee5ng \u0111\u01b0\u1ee3c nh\u1eadp t\u1eeb \u0110\u1ee9c. An to\u00e0n h\u1ee3p v\u1ec7 sinh cho s\u1ee9c kho\u1ebb.\" \/>\n<meta name=\"robots\" content=\"index, follow, max-snippet:-1, max-image-preview:large, max-video-preview:-1\" \/>\n<link rel=\"canonical\" href=\"https:\/\/www.timipretty.com\/vi\/\" \/>\n<meta property=\"og:locale\" content=\"vi_VN\" \/>\n<meta property=\"og:type\" content=\"article\" \/>\n<meta property=\"og:title\" content=\"Timi - \u0110i\u00eau Kh\u1eafc L\u00f4ng M\u00e0y 3D - Vi\u1ec7n Ch\u0103m S\u00f3c L\u00f4ng M\u00e0y\" \/>\n<meta property=\"og:description\" content=\"Timi \u0110i\u00eau kh\u1eafc l\u00f4ng m\u00e0y 3D c\u00f4ng ngh\u1ec7 Ch\u00e2u \u00c2u, t\u1ea1o s\u1ee3i m\u1ec1m m\u1ea1i, d\u1ee5ng c\u1ee5 v\u00e0 m\u1ef1c s\u1eed d\u1ee5ng \u0111\u01b0\u1ee3c nh\u1eadp t\u1eeb \u0110\u1ee9c. An to\u00e0n h\u1ee3p v\u1ec7 sinh cho s\u1ee9c kho\u1ebb.\" \/>\n<meta property=\"og:url\" content=\"https:\/\/www.timipretty.com\/vi\/\" \/>\n<meta property=\"og:site_name\" content=\"TimiPretty - Eyebrow Microblading Clinic\" \/>\n<meta property=\"article:modified_time\" content=\"2017-09-09T07:52:12+00:00\" \/>\n<meta name=\"twitter:card\" content=\"summary_large_image\" \/>\n<script type=\"application\/ld+json\" class=\"yoast-schema-graph\">{\"@context\":\"https:\/\/schema.org\",\"@graph\":[{\"@type\":\"WebPage\",\"@id\":\"https:\/\/www.timipretty.com\/vi\/\",\"url\":\"https:\/\/www.timipretty.com\/vi\/\",\"name\":\"Timi - \u0110i\u00eau Kh\u1eafc L\u00f4ng M\u00e0y 3D - Vi\u1ec7n Ch\u0103m S\u00f3c L\u00f4ng M\u00e0y\",\"isPartOf\":{\"@id\":\"https:\/\/www.timipretty.com\/#website\"},\"datePublished\":\"2017-08-30T06:28:47+00:00\",\"dateModified\":\"2017-09-09T07:52:12+00:00\",\"description\":\"Timi \u0110i\u00eau kh\u1eafc l\u00f4ng m\u00e0y 3D c\u00f4ng ngh\u1ec7 Ch\u00e2u \u00c2u, t\u1ea1o s\u1ee3i m\u1ec1m m\u1ea1i, d\u1ee5ng c\u1ee5 v\u00e0 m\u1ef1c s\u1eed d\u1ee5ng \u0111\u01b0\u1ee3c nh\u1eadp t\u1eeb \u0110\u1ee9c. An to\u00e0n h\u1ee3p v\u1ec7 sinh cho s\u1ee9c kho\u1ebb.\",\"breadcrumb\":{\"@id\":\"https:\/\/www.timipretty.com\/vi\/#breadcrumb\"},\"inLanguage\":\"vi-VN\",\"potentialAction\":[{\"@type\":\"ReadAction\",\"target\":[\"https:\/\/www.timipretty.com\/vi\/\"]}]},{\"@type\":\"BreadcrumbList\",\"@id\":\"https:\/\/www.timipretty.com\/vi\/#breadcrumb\",\"itemListElement\":[{\"@type\":\"ListItem\",\"position\":1,\"name\":\"Home\",\"item\":\"https:\/\/www.timipretty.com\/vi\/\"},{\"@type\":\"ListItem\",\"position\":2,\"name\":\"HOME\"}]},{\"@type\":\"WebSite\",\"@id\":\"https:\/\/www.timipretty.com\/#website\",\"url\":\"https:\/\/www.timipretty.com\/\",\"name\":\"TimiPretty - Eyebrow Microblading Clinic\",\"description\":\"Pretty Eyebrows by Chau\",\"potentialAction\":[{\"@type\":\"SearchAction\",\"target\":{\"@type\":\"EntryPoint\",\"urlTemplate\":\"https:\/\/www.timipretty.com\/?s={search_term_string}\"},\"query-input\":\"required name=search_term_string\"}],\"inLanguage\":\"vi-VN\"}]}<\/script>\n<!-- \/ Yoast SEO plugin. -->","yoast_head_json":{"title":"Timi - \u0110i\u00eau Kh\u1eafc L\u00f4ng M\u00e0y 3D - Vi\u1ec7n Ch\u0103m S\u00f3c L\u00f4ng M\u00e0y","description":"Timi \u0110i\u00eau kh\u1eafc l\u00f4ng m\u00e0y 3D c\u00f4ng ngh\u1ec7 Ch\u00e2u \u00c2u, t\u1ea1o s\u1ee3i m\u1ec1m m\u1ea1i, d\u1ee5ng c\u1ee5 v\u00e0 m\u1ef1c s\u1eed d\u1ee5ng \u0111\u01b0\u1ee3c nh\u1eadp t\u1eeb \u0110\u1ee9c. An to\u00e0n h\u1ee3p v\u1ec7 sinh cho s\u1ee9c kho\u1ebb.","robots":{"index":"index","follow":"follow","max-snippet":"max-snippet:-1","max-image-preview":"max-image-preview:large","max-video-preview":"max-video-preview:-1"},"canonical":"https:\/\/www.timipretty.com\/vi\/","og_locale":"vi_VN","og_type":"article","og_title":"Timi - \u0110i\u00eau Kh\u1eafc L\u00f4ng M\u00e0y 3D - Vi\u1ec7n Ch\u0103m S\u00f3c L\u00f4ng M\u00e0y","og_description":"Timi \u0110i\u00eau kh\u1eafc l\u00f4ng m\u00e0y 3D c\u00f4ng ngh\u1ec7 Ch\u00e2u \u00c2u, t\u1ea1o s\u1ee3i m\u1ec1m m\u1ea1i, d\u1ee5ng c\u1ee5 v\u00e0 m\u1ef1c s\u1eed d\u1ee5ng \u0111\u01b0\u1ee3c nh\u1eadp t\u1eeb \u0110\u1ee9c. An to\u00e0n h\u1ee3p v\u1ec7 sinh cho s\u1ee9c kho\u1ebb.","og_url":"https:\/\/www.timipretty.com\/vi\/","og_site_name":"TimiPretty - Eyebrow Microblading Clinic","article_modified_time":"2017-09-09T07:52:12+00:00","twitter_card":"summary_large_image","schema":{"@context":"https:\/\/schema.org","@graph":[{"@type":"WebPage","@id":"https:\/\/www.timipretty.com\/vi\/","url":"https:\/\/www.timipretty.com\/vi\/","name":"Timi - \u0110i\u00eau Kh\u1eafc L\u00f4ng M\u00e0y 3D - Vi\u1ec7n Ch\u0103m S\u00f3c L\u00f4ng M\u00e0y","isPartOf":{"@id":"https:\/\/www.timipretty.com\/#website"},"datePublished":"2017-08-30T06:28:47+00:00","dateModified":"2017-09-09T07:52:12+00:00","description":"Timi \u0110i\u00eau kh\u1eafc l\u00f4ng m\u00e0y 3D c\u00f4ng ngh\u1ec7 Ch\u00e2u \u00c2u, t\u1ea1o s\u1ee3i m\u1ec1m m\u1ea1i, d\u1ee5ng c\u1ee5 v\u00e0 m\u1ef1c s\u1eed d\u1ee5ng \u0111\u01b0\u1ee3c nh\u1eadp t\u1eeb \u0110\u1ee9c. An to\u00e0n h\u1ee3p v\u1ec7 sinh cho s\u1ee9c kho\u1ebb.","breadcrumb":{"@id":"https:\/\/www.timipretty.com\/vi\/#breadcrumb"},"inLanguage":"vi-VN","potentialAction":[{"@type":"ReadAction","target":["https:\/\/www.timipretty.com\/vi\/"]}]},{"@type":"BreadcrumbList","@id":"https:\/\/www.timipretty.com\/vi\/#breadcrumb","itemListElement":[{"@type":"ListItem","position":1,"name":"Home","item":"https:\/\/www.timipretty.com\/vi\/"},{"@type":"ListItem","position":2,"name":"HOME"}]},{"@type":"WebSite","@id":"https:\/\/www.timipretty.com\/#website","url":"https:\/\/www.timipretty.com\/","name":"TimiPretty - Eyebrow Microblading Clinic","description":"Pretty Eyebrows by Chau","potentialAction":[{"@type":"SearchAction","target":{"@type":"EntryPoint","urlTemplate":"https:\/\/www.timipretty.com\/?s={search_term_string}"},"query-input":"required name=search_term_string"}],"inLanguage":"vi-VN"}]}},"_links":{"self":[{"href":"https:\/\/www.timipretty.com\/vi\/wp-json\/wp\/v2\/pages\/895"}],"collection":[{"href":"https:\/\/www.timipretty.com\/vi\/wp-json\/wp\/v2\/pages"}],"about":[{"href":"https:\/\/www.timipretty.com\/vi\/wp-json\/wp\/v2\/types\/page"}],"author":[{"embeddable":true,"href":"https:\/\/www.timipretty.com\/vi\/wp-json\/wp\/v2\/users\/2"}],"replies":[{"embeddable":true,"href":"https:\/\/www.timipretty.com\/vi\/wp-json\/wp\/v2\/comments?post=895"}],"version-history":[{"count":5,"href":"https:\/\/www.timipretty.com\/vi\/wp-json\/wp\/v2\/pages\/895\/revisions"}],"predecessor-version":[{"id":1645,"href":"https:\/\/www.timipretty.com\/vi\/wp-json\/wp\/v2\/pages\/895\/revisions\/1645"}],"wp:attachment":[{"href":"https:\/\/www.timipretty.com\/vi\/wp-json\/wp\/v2\/media?parent=895"}],"curies":[{"name":"wp","href":"https:\/\/api.w.org\/{rel}","templated":true}]}}