{"id":905,"date":"2017-09-01T13:47:44","date_gmt":"2017-09-01T06:47:44","guid":{"rendered":"http:\/\/timipretty.com\/?page_id=905\/"},"modified":"2017-09-10T14:13:14","modified_gmt":"2017-09-10T07:13:14","slug":"dieu-khac-long-may-la-gi","status":"publish","type":"page","link":"https:\/\/www.timipretty.com\/vi\/dieu-khac-long-may-la-gi\/","title":{"rendered":"\u0110i\u00eau kh\u1eafc l\u00f4ng m\u00e0y l\u00e0 g\u00ec ?"},"content":{"rendered":"","protected":false},"excerpt":{"rendered":"","protected":false},"author":2,"featured_media":0,"parent":0,"menu_order":0,"comment_status":"closed","ping_status":"closed","template":"","meta":[],"yoast_head":"<!-- This site is optimized with the Yoast SEO plugin v20.11 - https:\/\/yoast.com\/wordpress\/plugins\/seo\/ -->\n<title>\u0110i\u00eau kh\u1eafc l\u00f4ng m\u00e0y l\u00e0 g\u00ec - Timi - Vi\u1ec7n Ch\u0103m S\u00f3c L\u00f4ng M\u00e0y<\/title>\n<meta name=\"description\" content=\"\u0110i\u00eau kh\u1eafc l\u00f4ng m\u00e0y t\u1ed1n r\u1ea5t \u00edt th\u1eddi gian cho m\u1ed9t qu\u00e1 tr\u00ecnh tr\u1ecb li\u1ec7u, si\u00eau ti\u1ebft ki\u1ec7m v\u1ec1 th\u1eddi gian, v\u00e0 \u0111\u1eb7t bi\u1ec7t l\u00e0 tr\u00e1nh \u0111\u01b0\u1ee3c nguy c\u01a1 s\u1eed d\u1ee5ng \u0111\u1ed3 make up b\u1ea9n.\" \/>\n<meta name=\"robots\" content=\"index, follow, max-snippet:-1, max-image-preview:large, max-video-preview:-1\" \/>\n<link rel=\"canonical\" href=\"https:\/\/www.timipretty.com\/vi\/dieu-khac-long-may-la-gi\/\" \/>\n<meta property=\"og:locale\" content=\"vi_VN\" \/>\n<meta property=\"og:type\" content=\"article\" \/>\n<meta property=\"og:title\" content=\"\u0110i\u00eau kh\u1eafc l\u00f4ng m\u00e0y l\u00e0 g\u00ec - Timi - Vi\u1ec7n Ch\u0103m S\u00f3c L\u00f4ng M\u00e0y\" \/>\n<meta property=\"og:description\" content=\"\u0110i\u00eau kh\u1eafc l\u00f4ng m\u00e0y t\u1ed1n r\u1ea5t \u00edt th\u1eddi gian cho m\u1ed9t qu\u00e1 tr\u00ecnh tr\u1ecb li\u1ec7u, si\u00eau ti\u1ebft ki\u1ec7m v\u1ec1 th\u1eddi gian, v\u00e0 \u0111\u1eb7t bi\u1ec7t l\u00e0 tr\u00e1nh \u0111\u01b0\u1ee3c nguy c\u01a1 s\u1eed d\u1ee5ng \u0111\u1ed3 make up b\u1ea9n.\" \/>\n<meta property=\"og:url\" content=\"https:\/\/www.timipretty.com\/vi\/dieu-khac-long-may-la-gi\/\" \/>\n<meta property=\"og:site_name\" content=\"TimiPretty - Eyebrow Microblading Clinic\" \/>\n<meta property=\"article:modified_time\" content=\"2017-09-10T07:13:14+00:00\" \/>\n<meta name=\"twitter:card\" content=\"summary_large_image\" \/>\n<script type=\"application\/ld+json\" class=\"yoast-schema-graph\">{\"@context\":\"https:\/\/schema.org\",\"@graph\":[{\"@type\":\"WebPage\",\"@id\":\"https:\/\/www.timipretty.com\/vi\/dieu-khac-long-may-la-gi\/\",\"url\":\"https:\/\/www.timipretty.com\/vi\/dieu-khac-long-may-la-gi\/\",\"name\":\"\u0110i\u00eau kh\u1eafc l\u00f4ng m\u00e0y l\u00e0 g\u00ec - Timi - Vi\u1ec7n Ch\u0103m S\u00f3c L\u00f4ng M\u00e0y\",\"isPartOf\":{\"@id\":\"https:\/\/www.timipretty.com\/#website\"},\"datePublished\":\"2017-09-01T06:47:44+00:00\",\"dateModified\":\"2017-09-10T07:13:14+00:00\",\"description\":\"\u0110i\u00eau kh\u1eafc l\u00f4ng m\u00e0y t\u1ed1n r\u1ea5t \u00edt th\u1eddi gian cho m\u1ed9t qu\u00e1 tr\u00ecnh tr\u1ecb li\u1ec7u, si\u00eau ti\u1ebft ki\u1ec7m v\u1ec1 th\u1eddi gian, v\u00e0 \u0111\u1eb7t bi\u1ec7t l\u00e0 tr\u00e1nh \u0111\u01b0\u1ee3c nguy c\u01a1 s\u1eed d\u1ee5ng \u0111\u1ed3 make up b\u1ea9n.\",\"breadcrumb\":{\"@id\":\"https:\/\/www.timipretty.com\/vi\/dieu-khac-long-may-la-gi\/#breadcrumb\"},\"inLanguage\":\"vi-VN\",\"potentialAction\":[{\"@type\":\"ReadAction\",\"target\":[\"https:\/\/www.timipretty.com\/vi\/dieu-khac-long-may-la-gi\/\"]}]},{\"@type\":\"BreadcrumbList\",\"@id\":\"https:\/\/www.timipretty.com\/vi\/dieu-khac-long-may-la-gi\/#breadcrumb\",\"itemListElement\":[{\"@type\":\"ListItem\",\"position\":1,\"name\":\"Home\",\"item\":\"https:\/\/www.timipretty.com\/vi\/\"},{\"@type\":\"ListItem\",\"position\":2,\"name\":\"\u0110i\u00eau kh\u1eafc l\u00f4ng m\u00e0y l\u00e0 g\u00ec ?\"}]},{\"@type\":\"WebSite\",\"@id\":\"https:\/\/www.timipretty.com\/#website\",\"url\":\"https:\/\/www.timipretty.com\/\",\"name\":\"TimiPretty - Eyebrow Microblading Clinic\",\"description\":\"Pretty Eyebrows by Chau\",\"potentialAction\":[{\"@type\":\"SearchAction\",\"target\":{\"@type\":\"EntryPoint\",\"urlTemplate\":\"https:\/\/www.timipretty.com\/?s={search_term_string}\"},\"query-input\":\"required name=search_term_string\"}],\"inLanguage\":\"vi-VN\"}]}<\/script>\n<!-- \/ Yoast SEO plugin. -->","yoast_head_json":{"title":"\u0110i\u00eau kh\u1eafc l\u00f4ng m\u00e0y l\u00e0 g\u00ec - Timi - Vi\u1ec7n Ch\u0103m S\u00f3c L\u00f4ng M\u00e0y","description":"\u0110i\u00eau kh\u1eafc l\u00f4ng m\u00e0y t\u1ed1n r\u1ea5t \u00edt th\u1eddi gian cho m\u1ed9t qu\u00e1 tr\u00ecnh tr\u1ecb li\u1ec7u, si\u00eau ti\u1ebft ki\u1ec7m v\u1ec1 th\u1eddi gian, v\u00e0 \u0111\u1eb7t bi\u1ec7t l\u00e0 tr\u00e1nh \u0111\u01b0\u1ee3c nguy c\u01a1 s\u1eed d\u1ee5ng \u0111\u1ed3 make up b\u1ea9n.","robots":{"index":"index","follow":"follow","max-snippet":"max-snippet:-1","max-image-preview":"max-image-preview:large","max-video-preview":"max-video-preview:-1"},"canonical":"https:\/\/www.timipretty.com\/vi\/dieu-khac-long-may-la-gi\/","og_locale":"vi_VN","og_type":"article","og_title":"\u0110i\u00eau kh\u1eafc l\u00f4ng m\u00e0y l\u00e0 g\u00ec - Timi - Vi\u1ec7n Ch\u0103m S\u00f3c L\u00f4ng M\u00e0y","og_description":"\u0110i\u00eau kh\u1eafc l\u00f4ng m\u00e0y t\u1ed1n r\u1ea5t \u00edt th\u1eddi gian cho m\u1ed9t qu\u00e1 tr\u00ecnh tr\u1ecb li\u1ec7u, si\u00eau ti\u1ebft ki\u1ec7m v\u1ec1 th\u1eddi gian, v\u00e0 \u0111\u1eb7t bi\u1ec7t l\u00e0 tr\u00e1nh \u0111\u01b0\u1ee3c nguy c\u01a1 s\u1eed d\u1ee5ng \u0111\u1ed3 make up b\u1ea9n.","og_url":"https:\/\/www.timipretty.com\/vi\/dieu-khac-long-may-la-gi\/","og_site_name":"TimiPretty - Eyebrow Microblading Clinic","article_modified_time":"2017-09-10T07:13:14+00:00","twitter_card":"summary_large_image","schema":{"@context":"https:\/\/schema.org","@graph":[{"@type":"WebPage","@id":"https:\/\/www.timipretty.com\/vi\/dieu-khac-long-may-la-gi\/","url":"https:\/\/www.timipretty.com\/vi\/dieu-khac-long-may-la-gi\/","name":"\u0110i\u00eau kh\u1eafc l\u00f4ng m\u00e0y l\u00e0 g\u00ec - Timi - Vi\u1ec7n Ch\u0103m S\u00f3c L\u00f4ng M\u00e0y","isPartOf":{"@id":"https:\/\/www.timipretty.com\/#website"},"datePublished":"2017-09-01T06:47:44+00:00","dateModified":"2017-09-10T07:13:14+00:00","description":"\u0110i\u00eau kh\u1eafc l\u00f4ng m\u00e0y t\u1ed1n r\u1ea5t \u00edt th\u1eddi gian cho m\u1ed9t qu\u00e1 tr\u00ecnh tr\u1ecb li\u1ec7u, si\u00eau ti\u1ebft ki\u1ec7m v\u1ec1 th\u1eddi gian, v\u00e0 \u0111\u1eb7t bi\u1ec7t l\u00e0 tr\u00e1nh \u0111\u01b0\u1ee3c nguy c\u01a1 s\u1eed d\u1ee5ng \u0111\u1ed3 make up b\u1ea9n.","breadcrumb":{"@id":"https:\/\/www.timipretty.com\/vi\/dieu-khac-long-may-la-gi\/#breadcrumb"},"inLanguage":"vi-VN","potentialAction":[{"@type":"ReadAction","target":["https:\/\/www.timipretty.com\/vi\/dieu-khac-long-may-la-gi\/"]}]},{"@type":"BreadcrumbList","@id":"https:\/\/www.timipretty.com\/vi\/dieu-khac-long-may-la-gi\/#breadcrumb","itemListElement":[{"@type":"ListItem","position":1,"name":"Home","item":"https:\/\/www.timipretty.com\/vi\/"},{"@type":"ListItem","position":2,"name":"\u0110i\u00eau kh\u1eafc l\u00f4ng m\u00e0y l\u00e0 g\u00ec ?"}]},{"@type":"WebSite","@id":"https:\/\/www.timipretty.com\/#website","url":"https:\/\/www.timipretty.com\/","name":"TimiPretty - Eyebrow Microblading Clinic","description":"Pretty Eyebrows by Chau","potentialAction":[{"@type":"SearchAction","target":{"@type":"EntryPoint","urlTemplate":"https:\/\/www.timipretty.com\/?s={search_term_string}"},"query-input":"required name=search_term_string"}],"inLanguage":"vi-VN"}]}},"_links":{"self":[{"href":"https:\/\/www.timipretty.com\/vi\/wp-json\/wp\/v2\/pages\/905"}],"collection":[{"href":"https:\/\/www.timipretty.com\/vi\/wp-json\/wp\/v2\/pages"}],"about":[{"href":"https:\/\/www.timipretty.com\/vi\/wp-json\/wp\/v2\/types\/page"}],"author":[{"embeddable":true,"href":"https:\/\/www.timipretty.com\/vi\/wp-json\/wp\/v2\/users\/2"}],"replies":[{"embeddable":true,"href":"https:\/\/www.timipretty.com\/vi\/wp-json\/wp\/v2\/comments?post=905"}],"version-history":[{"count":2,"href":"https:\/\/www.timipretty.com\/vi\/wp-json\/wp\/v2\/pages\/905\/revisions"}],"predecessor-version":[{"id":1546,"href":"https:\/\/www.timipretty.com\/vi\/wp-json\/wp\/v2\/pages\/905\/revisions\/1546"}],"wp:attachment":[{"href":"https:\/\/www.timipretty.com\/vi\/wp-json\/wp\/v2\/media?parent=905"}],"curies":[{"name":"wp","href":"https:\/\/api.w.org\/{rel}","templated":true}]}}